{"id":712,"date":"2025-11-16T16:41:32","date_gmt":"2025-11-16T15:41:32","guid":{"rendered":"https:\/\/gelstedfolkedans.dk\/?page_id=712"},"modified":"2026-03-27T08:32:15","modified_gmt":"2026-03-27T07:32:15","slug":"40-aars-jubilaeum","status":"publish","type":"page","link":"https:\/\/gelstedfolkedans.dk\/?page_id=712","title":{"rendered":"40-\u00e5rs jubil\u00e6um"},"content":{"rendered":"\n<div data-wp-interactive=\"core\/file\" class=\"wp-block-file\"><object data-wp-bind--hidden=\"!state.hasPdfPreview\" hidden class=\"wp-block-file__embed\" data=\"https:\/\/gelstedfolkedans.dk\/wp-content\/uploads\/2025\/11\/Gelsted-Folkedanseres-jubilaeum.pdf\" type=\"application\/pdf\" style=\"width:100%;height:600px\" aria-label=\"Embed Gelsted Folkedanseres jubil\u00e6um.\"><\/object><a id=\"wp-block-file--media-25491335-3988-4e11-969c-43ba5a431160\" href=\"https:\/\/gelstedfolkedans.dk\/wp-content\/uploads\/2025\/11\/Gelsted-Folkedanseres-jubilaeum.pdf\">Gelsted Folkedanseres jubil\u00e6um<\/a><a href=\"https:\/\/gelstedfolkedans.dk\/wp-content\/uploads\/2025\/11\/Gelsted-Folkedanseres-jubilaeum.pdf\" class=\"wp-block-file__button wp-element-button\" download aria-describedby=\"wp-block-file--media-25491335-3988-4e11-969c-43ba5a431160\">Download<\/a><\/div>\n\n\n\n\n\n<p>Gelsted Folkedansere.<\/p>\n\n\n\n<p>Endnu en s\u00e6son i Gelsted folkedansere er slut, og hvilken s\u00e6son.<\/p>\n\n\n\n<p>Der er kommet flere nye medlemmer til foreningen, s\u00e5 vi er nu ca. 50 dansere, og det er rigtig sjovt. Som ny danser arbejder man h\u00e5rdt p\u00e5 at l\u00e6re trinene, men der er god hj\u00e6lp at hente fra vores danseinstrukt\u00f8r ligesom foreningens mere \u00f8vede dansere l\u00e6gger sig i selen for at l\u00e6re fra sig, og noget g\u00f8r vi rigtigt, for de nye dansere bliver og giver udtryk for, at de f\u00f8ler sig velkomne og taget godt imod.<\/p>\n\n\n\n<p>I s\u00e6sonen 2025\/2026 kunne Gelsted Folkedansere ogs\u00e5 fejre 40 \u00e5rs jubil\u00e6um, og det blev fejret med en stor fest.<\/p>\n\n\n\n<p>Der er lagt et stort arbejde i forberedelserne forud for festen, som blev afholdt l\u00f8rdag den 28. februar.&nbsp;<\/p>\n\n\n\n<p>Foreningen blev de f\u00f8rste mange \u00e5r tegnet af danseinstrukt\u00f8r Ellen Christensen og hendes mand Kjeld Christensen, som spillede til dansen. Ellen og Kjeld er desv\u00e6rre ikke mere, men deres datter, Hanne, danser hos Gelsted Folkedansere og har suppleret med anekdoter og effekter.<\/p>\n\n\n\n<p>Ellen havde, i de mange \u00e5r hun var danseinstrukt\u00f8r, s\u00f8rget for at lave scrapb\u00f8ger og ud fra disse mange historier, billeder og fakta, fik vi lavet flere gode plancher. Der blev s\u00e5ledes lavet en planche med graf over hvor mange medlemmer foreningen har haft igennem \u00e5rene. Der blev lavet plancher over de steder, hvortil foreningen har v\u00e6ret p\u00e5 udflugt, suppleret med afm\u00e6rkninger p\u00e5 et stort Danmarkskort. De mange billeder fra scrapb\u00f8gerne blev affotograferet og sendt til Deslers Tryk i Assens, som fik lavet flotte tekstil bordl\u00f8bere og sangfoldere med billederne til festen.&nbsp;<\/p>\n\n\n\n<p>Ejby Hallen lagde lokaler til vores fest, hvor Gitte og hendes team s\u00f8rgede for at opfylde alle vores \u00f8nsker i forhold til opstilling af scene, bordd\u00e6kning og dejlig mad. Alt blev gjort med en ro og t\u00e5lmodighed, s\u00e5 vi f\u00f8lte os helt trygge som festarrang\u00f8rer.<\/p>\n\n\n\n<p>Agnete Lysholt havde endvidere venligst udl\u00e5nt os sin store samling af modeldukker som udstilling ved festen. Dukker, der p\u00e5 fineste vis, viser et stykke dansk kulturarv. Alle dukkerne, n\u00e6sten 40 stykker, er nemlig if\u00f8rt folkedragter fra forskellige egne af landet. T\u00f8jet har Agnete selv med omhu syet og strikket.<\/p>\n\n\n\n<p>Gelsted Folkedansere har v\u00e6ret s\u00e5 heldig igennem flere \u00e5r at modtage donation fra Genbrugsbutikken. Det var is\u00e6r velkomment i de \u00e5r, hvor medlemstallet i foreningen var meget lille, og der havde ikke v\u00e6ret nogen folkedanserforening i Gelsted i dag, hvis det ikke var for disse donationer. Vi medbragte selvf\u00f8lgelig ogs\u00e5&nbsp;de diplomer, vi har f\u00e5et hver gang en donation er blevet modtaget, og udstillede disse ved festen.<\/p>\n\n\n\n<p>Det er jo dejligt, n\u00e5r man s\u00e5dan arrangerer fest, skaber rammer, s\u00f8rger for ikke mindre end to orkestre og danseinstrukt\u00f8rer &#8211; for der skulle selvf\u00f8lgelig ogs\u00e5 danses ved vores fest &#8211; og sender invitationer ud, at der ogs\u00e5 kommer g\u00e6ster, som har lyst til at v\u00e6re med til at fejre dagen sammen med os.<\/p>\n\n\n\n<p>Der var s\u00e5ledes stor opbakning fra foreningens nuv\u00e6rende medlemmer, men ogs\u00e5 tidligere medlemmer af Gelsted Folkedansere kom og var med. Nogen kunne ikke l\u00e6ngere danse, men s\u00e5 gik snakken og mange minder blev trukket frem.&nbsp;<\/p>\n\n\n\n<p>Ogs\u00e5 g\u00e6ster fra mange andre fynske folkedanserforeninger havde lyst til at tilbringe en glad aften sammen med os, s\u00e5 det blev en rigtig dejlig og festlig jubil\u00e6umsfest med 116 deltagere.<\/p>\n\n\n\n<p>Nu er s\u00e6sonen 2025\/2026 slut, s\u00e5dan da. Vi m\u00f8des privat to gange i l\u00f8bet af sommeren til sommertr\u00e6f, hvor vi spiser medbragt mad, snakker, g\u00e5r en tur eller f\u00e5r en lille dans. I \u00e5r skal vi s\u00e5ledes bes\u00f8ge Lis og Per, der bor i Kerteminde og Charlotte, der bor i H\u00e5rby. Jo, vores medlemmer kommer gerne langvejs fra, for at danse hos os en gang om ugen i s\u00e6sonen. Hvor godtfolk er, kommer godtfolk til.&nbsp;<\/p>\n\n\n\n<p>Rigtig god sommer.<\/p>\n\n\n\n<p>Dorte, n\u00e6stformand Gelsted Folkedansere<\/p>\n\n\n\n<figure class=\"wp-block-gallery has-nested-images columns-default is-cropped wp-block-gallery-1 is-layout-flex wp-block-gallery-is-layout-flex\">\n<figure class=\"wp-block-image size-large\"><img loading=\"lazy\" decoding=\"async\" width=\"2048\" height=\"1365\" data-id=\"768\" src=\"https:\/\/gelstedfolkedans.dk\/wp-content\/uploads\/2026\/03\/Gelsted_Folkedanser_Jubilaeumsfest_40aar_28-02-2026031-1.jpg\" alt=\"\" class=\"wp-image-768\" srcset=\"https:\/\/gelstedfolkedans.dk\/wp-content\/uploads\/2026\/03\/Gelsted_Folkedanser_Jubilaeumsfest_40aar_28-02-2026031-1.jpg 2048w, https:\/\/gelstedfolkedans.dk\/wp-content\/uploads\/2026\/03\/Gelsted_Folkedanser_Jubilaeumsfest_40aar_28-02-2026031-1-300x200.jpg 300w, https:\/\/gelstedfolkedans.dk\/wp-content\/uploads\/2026\/03\/Gelsted_Folkedanser_Jubilaeumsfest_40aar_28-02-2026031-1-1024x683.jpg 1024w, https:\/\/gelstedfolkedans.dk\/wp-content\/uploads\/2026\/03\/Gelsted_Folkedanser_Jubilaeumsfest_40aar_28-02-2026031-1-768x512.jpg 768w, https:\/\/gelstedfolkedans.dk\/wp-content\/uploads\/2026\/03\/Gelsted_Folkedanser_Jubilaeumsfest_40aar_28-02-2026031-1-1536x1024.jpg 1536w, https:\/\/gelstedfolkedans.dk\/wp-content\/uploads\/2026\/03\/Gelsted_Folkedanser_Jubilaeumsfest_40aar_28-02-2026031-1-1200x800.jpg 1200w, https:\/\/gelstedfolkedans.dk\/wp-content\/uploads\/2026\/03\/Gelsted_Folkedanser_Jubilaeumsfest_40aar_28-02-2026031-1-1980x1320.jpg 1980w\" sizes=\"auto, (max-width: 2048px) 100vw, 2048px\" \/><\/figure>\n\n\n\n<figure class=\"wp-block-image size-large\"><img loading=\"lazy\" decoding=\"async\" width=\"1024\" height=\"683\" data-id=\"767\" src=\"https:\/\/gelstedfolkedans.dk\/wp-content\/uploads\/2026\/03\/Gelsted_Folkedanser_Jubilaeumsfest_40aar_28-02-2026022-2-1024x683.jpg\" alt=\"\" class=\"wp-image-767\" srcset=\"https:\/\/gelstedfolkedans.dk\/wp-content\/uploads\/2026\/03\/Gelsted_Folkedanser_Jubilaeumsfest_40aar_28-02-2026022-2-1024x683.jpg 1024w, https:\/\/gelstedfolkedans.dk\/wp-content\/uploads\/2026\/03\/Gelsted_Folkedanser_Jubilaeumsfest_40aar_28-02-2026022-2-300x200.jpg 300w, https:\/\/gelstedfolkedans.dk\/wp-content\/uploads\/2026\/03\/Gelsted_Folkedanser_Jubilaeumsfest_40aar_28-02-2026022-2-768x512.jpg 768w, https:\/\/gelstedfolkedans.dk\/wp-content\/uploads\/2026\/03\/Gelsted_Folkedanser_Jubilaeumsfest_40aar_28-02-2026022-2-1536x1024.jpg 1536w, https:\/\/gelstedfolkedans.dk\/wp-content\/uploads\/2026\/03\/Gelsted_Folkedanser_Jubilaeumsfest_40aar_28-02-2026022-2-1200x800.jpg 1200w, https:\/\/gelstedfolkedans.dk\/wp-content\/uploads\/2026\/03\/Gelsted_Folkedanser_Jubilaeumsfest_40aar_28-02-2026022-2-1980x1320.jpg 1980w, https:\/\/gelstedfolkedans.dk\/wp-content\/uploads\/2026\/03\/Gelsted_Folkedanser_Jubilaeumsfest_40aar_28-02-2026022-2.jpg 2048w\" sizes=\"auto, (max-width: 1024px) 100vw, 1024px\" \/><\/figure>\n\n\n\n<figure class=\"wp-block-image size-large\"><img loading=\"lazy\" decoding=\"async\" width=\"1024\" height=\"683\" data-id=\"765\" src=\"https:\/\/gelstedfolkedans.dk\/wp-content\/uploads\/2026\/03\/Gelsted_Folkedanser_Jubilaeumsfest_40aar_28-02-2026011-2-1024x683.jpg\" alt=\"\" class=\"wp-image-765\" srcset=\"https:\/\/gelstedfolkedans.dk\/wp-content\/uploads\/2026\/03\/Gelsted_Folkedanser_Jubilaeumsfest_40aar_28-02-2026011-2-1024x683.jpg 1024w, https:\/\/gelstedfolkedans.dk\/wp-content\/uploads\/2026\/03\/Gelsted_Folkedanser_Jubilaeumsfest_40aar_28-02-2026011-2-300x200.jpg 300w, https:\/\/gelstedfolkedans.dk\/wp-content\/uploads\/2026\/03\/Gelsted_Folkedanser_Jubilaeumsfest_40aar_28-02-2026011-2-768x512.jpg 768w, https:\/\/gelstedfolkedans.dk\/wp-content\/uploads\/2026\/03\/Gelsted_Folkedanser_Jubilaeumsfest_40aar_28-02-2026011-2-1536x1024.jpg 1536w, https:\/\/gelstedfolkedans.dk\/wp-content\/uploads\/2026\/03\/Gelsted_Folkedanser_Jubilaeumsfest_40aar_28-02-2026011-2-1200x800.jpg 1200w, https:\/\/gelstedfolkedans.dk\/wp-content\/uploads\/2026\/03\/Gelsted_Folkedanser_Jubilaeumsfest_40aar_28-02-2026011-2-1980x1320.jpg 1980w, https:\/\/gelstedfolkedans.dk\/wp-content\/uploads\/2026\/03\/Gelsted_Folkedanser_Jubilaeumsfest_40aar_28-02-2026011-2.jpg 2048w\" sizes=\"auto, (max-width: 1024px) 100vw, 1024px\" \/><\/figure>\n\n\n\n<figure class=\"wp-block-image size-large\"><img loading=\"lazy\" decoding=\"async\" width=\"1024\" height=\"683\" data-id=\"758\" src=\"https:\/\/gelstedfolkedans.dk\/wp-content\/uploads\/2026\/03\/Gelsted_Folkedanser_Jubilaeumsfest_40aar_28-02-2026015-1-1024x683.jpg\" alt=\"\" class=\"wp-image-758\" srcset=\"https:\/\/gelstedfolkedans.dk\/wp-content\/uploads\/2026\/03\/Gelsted_Folkedanser_Jubilaeumsfest_40aar_28-02-2026015-1-1024x683.jpg 1024w, https:\/\/gelstedfolkedans.dk\/wp-content\/uploads\/2026\/03\/Gelsted_Folkedanser_Jubilaeumsfest_40aar_28-02-2026015-1-300x200.jpg 300w, https:\/\/gelstedfolkedans.dk\/wp-content\/uploads\/2026\/03\/Gelsted_Folkedanser_Jubilaeumsfest_40aar_28-02-2026015-1-768x512.jpg 768w, https:\/\/gelstedfolkedans.dk\/wp-content\/uploads\/2026\/03\/Gelsted_Folkedanser_Jubilaeumsfest_40aar_28-02-2026015-1-1536x1024.jpg 1536w, https:\/\/gelstedfolkedans.dk\/wp-content\/uploads\/2026\/03\/Gelsted_Folkedanser_Jubilaeumsfest_40aar_28-02-2026015-1-1200x800.jpg 1200w, https:\/\/gelstedfolkedans.dk\/wp-content\/uploads\/2026\/03\/Gelsted_Folkedanser_Jubilaeumsfest_40aar_28-02-2026015-1-1980x1320.jpg 1980w, https:\/\/gelstedfolkedans.dk\/wp-content\/uploads\/2026\/03\/Gelsted_Folkedanser_Jubilaeumsfest_40aar_28-02-2026015-1.jpg 2048w\" sizes=\"auto, (max-width: 1024px) 100vw, 1024px\" \/><\/figure>\n\n\n\n<figure class=\"wp-block-image size-large\"><img loading=\"lazy\" decoding=\"async\" width=\"1024\" height=\"683\" data-id=\"745\" src=\"https:\/\/gelstedfolkedans.dk\/wp-content\/uploads\/2026\/03\/Gelsted_Folkedanser_Jubilaeumsfest_40aar_28-02-2026082-1024x683.jpg\" alt=\"\" class=\"wp-image-745\" srcset=\"https:\/\/gelstedfolkedans.dk\/wp-content\/uploads\/2026\/03\/Gelsted_Folkedanser_Jubilaeumsfest_40aar_28-02-2026082-1024x683.jpg 1024w, https:\/\/gelstedfolkedans.dk\/wp-content\/uploads\/2026\/03\/Gelsted_Folkedanser_Jubilaeumsfest_40aar_28-02-2026082-300x200.jpg 300w, https:\/\/gelstedfolkedans.dk\/wp-content\/uploads\/2026\/03\/Gelsted_Folkedanser_Jubilaeumsfest_40aar_28-02-2026082-768x512.jpg 768w, https:\/\/gelstedfolkedans.dk\/wp-content\/uploads\/2026\/03\/Gelsted_Folkedanser_Jubilaeumsfest_40aar_28-02-2026082-1536x1024.jpg 1536w, https:\/\/gelstedfolkedans.dk\/wp-content\/uploads\/2026\/03\/Gelsted_Folkedanser_Jubilaeumsfest_40aar_28-02-2026082-1200x800.jpg 1200w, https:\/\/gelstedfolkedans.dk\/wp-content\/uploads\/2026\/03\/Gelsted_Folkedanser_Jubilaeumsfest_40aar_28-02-2026082-1980x1320.jpg 1980w, https:\/\/gelstedfolkedans.dk\/wp-content\/uploads\/2026\/03\/Gelsted_Folkedanser_Jubilaeumsfest_40aar_28-02-2026082.jpg 2048w\" sizes=\"auto, (max-width: 1024px) 100vw, 1024px\" \/><\/figure>\n<\/figure>\n\n\n\n<figure class=\"wp-block-gallery has-nested-images columns-default is-cropped wp-block-gallery-2 is-layout-flex wp-block-gallery-is-layout-flex\">\n<figure class=\"wp-block-image size-large\"><img loading=\"lazy\" decoding=\"async\" width=\"1024\" height=\"683\" data-id=\"748\" src=\"https:\/\/gelstedfolkedans.dk\/wp-content\/uploads\/2026\/03\/Gelsted_Folkedanser_Jubilaeumsfest_40aar_28-02-2026123-1024x683.jpg\" alt=\"\" class=\"wp-image-748\" srcset=\"https:\/\/gelstedfolkedans.dk\/wp-content\/uploads\/2026\/03\/Gelsted_Folkedanser_Jubilaeumsfest_40aar_28-02-2026123-1024x683.jpg 1024w, https:\/\/gelstedfolkedans.dk\/wp-content\/uploads\/2026\/03\/Gelsted_Folkedanser_Jubilaeumsfest_40aar_28-02-2026123-300x200.jpg 300w, https:\/\/gelstedfolkedans.dk\/wp-content\/uploads\/2026\/03\/Gelsted_Folkedanser_Jubilaeumsfest_40aar_28-02-2026123-768x512.jpg 768w, https:\/\/gelstedfolkedans.dk\/wp-content\/uploads\/2026\/03\/Gelsted_Folkedanser_Jubilaeumsfest_40aar_28-02-2026123-1536x1024.jpg 1536w, https:\/\/gelstedfolkedans.dk\/wp-content\/uploads\/2026\/03\/Gelsted_Folkedanser_Jubilaeumsfest_40aar_28-02-2026123-1200x800.jpg 1200w, https:\/\/gelstedfolkedans.dk\/wp-content\/uploads\/2026\/03\/Gelsted_Folkedanser_Jubilaeumsfest_40aar_28-02-2026123-1980x1320.jpg 1980w, https:\/\/gelstedfolkedans.dk\/wp-content\/uploads\/2026\/03\/Gelsted_Folkedanser_Jubilaeumsfest_40aar_28-02-2026123.jpg 2048w\" sizes=\"auto, (max-width: 1024px) 100vw, 1024px\" \/><\/figure>\n\n\n\n<figure class=\"wp-block-image size-large\"><img loading=\"lazy\" decoding=\"async\" width=\"1024\" height=\"683\" data-id=\"747\" src=\"https:\/\/gelstedfolkedans.dk\/wp-content\/uploads\/2026\/03\/Gelsted_Folkedanser_Jubilaeumsfest_40aar_28-02-2026121-1024x683.jpg\" alt=\"\" class=\"wp-image-747\" srcset=\"https:\/\/gelstedfolkedans.dk\/wp-content\/uploads\/2026\/03\/Gelsted_Folkedanser_Jubilaeumsfest_40aar_28-02-2026121-1024x683.jpg 1024w, https:\/\/gelstedfolkedans.dk\/wp-content\/uploads\/2026\/03\/Gelsted_Folkedanser_Jubilaeumsfest_40aar_28-02-2026121-300x200.jpg 300w, https:\/\/gelstedfolkedans.dk\/wp-content\/uploads\/2026\/03\/Gelsted_Folkedanser_Jubilaeumsfest_40aar_28-02-2026121-768x512.jpg 768w, https:\/\/gelstedfolkedans.dk\/wp-content\/uploads\/2026\/03\/Gelsted_Folkedanser_Jubilaeumsfest_40aar_28-02-2026121-1536x1024.jpg 1536w, https:\/\/gelstedfolkedans.dk\/wp-content\/uploads\/2026\/03\/Gelsted_Folkedanser_Jubilaeumsfest_40aar_28-02-2026121-1200x800.jpg 1200w, https:\/\/gelstedfolkedans.dk\/wp-content\/uploads\/2026\/03\/Gelsted_Folkedanser_Jubilaeumsfest_40aar_28-02-2026121-1980x1320.jpg 1980w, https:\/\/gelstedfolkedans.dk\/wp-content\/uploads\/2026\/03\/Gelsted_Folkedanser_Jubilaeumsfest_40aar_28-02-2026121.jpg 2048w\" sizes=\"auto, (max-width: 1024px) 100vw, 1024px\" \/><\/figure>\n\n\n\n<figure class=\"wp-block-image size-large\"><img loading=\"lazy\" decoding=\"async\" width=\"1024\" height=\"683\" data-id=\"746\" src=\"https:\/\/gelstedfolkedans.dk\/wp-content\/uploads\/2026\/03\/Gelsted_Folkedanser_Jubilaeumsfest_40aar_28-02-2026084-1024x683.jpg\" alt=\"\" class=\"wp-image-746\" srcset=\"https:\/\/gelstedfolkedans.dk\/wp-content\/uploads\/2026\/03\/Gelsted_Folkedanser_Jubilaeumsfest_40aar_28-02-2026084-1024x683.jpg 1024w, https:\/\/gelstedfolkedans.dk\/wp-content\/uploads\/2026\/03\/Gelsted_Folkedanser_Jubilaeumsfest_40aar_28-02-2026084-300x200.jpg 300w, https:\/\/gelstedfolkedans.dk\/wp-content\/uploads\/2026\/03\/Gelsted_Folkedanser_Jubilaeumsfest_40aar_28-02-2026084-768x512.jpg 768w, https:\/\/gelstedfolkedans.dk\/wp-content\/uploads\/2026\/03\/Gelsted_Folkedanser_Jubilaeumsfest_40aar_28-02-2026084-1536x1024.jpg 1536w, https:\/\/gelstedfolkedans.dk\/wp-content\/uploads\/2026\/03\/Gelsted_Folkedanser_Jubilaeumsfest_40aar_28-02-2026084-1200x800.jpg 1200w, https:\/\/gelstedfolkedans.dk\/wp-content\/uploads\/2026\/03\/Gelsted_Folkedanser_Jubilaeumsfest_40aar_28-02-2026084-1980x1320.jpg 1980w, https:\/\/gelstedfolkedans.dk\/wp-content\/uploads\/2026\/03\/Gelsted_Folkedanser_Jubilaeumsfest_40aar_28-02-2026084.jpg 2048w\" sizes=\"auto, (max-width: 1024px) 100vw, 1024px\" \/><\/figure>\n\n\n\n<figure class=\"wp-block-image size-large\"><img loading=\"lazy\" decoding=\"async\" width=\"1024\" height=\"683\" data-id=\"735\" src=\"https:\/\/gelstedfolkedans.dk\/wp-content\/uploads\/2026\/03\/Gelsted_Folkedanser_Jubilaeumsfest_40aar_28-02-2026003-1024x683.jpg\" alt=\"\" class=\"wp-image-735\" srcset=\"https:\/\/gelstedfolkedans.dk\/wp-content\/uploads\/2026\/03\/Gelsted_Folkedanser_Jubilaeumsfest_40aar_28-02-2026003-1024x683.jpg 1024w, https:\/\/gelstedfolkedans.dk\/wp-content\/uploads\/2026\/03\/Gelsted_Folkedanser_Jubilaeumsfest_40aar_28-02-2026003-300x200.jpg 300w, https:\/\/gelstedfolkedans.dk\/wp-content\/uploads\/2026\/03\/Gelsted_Folkedanser_Jubilaeumsfest_40aar_28-02-2026003-768x512.jpg 768w, https:\/\/gelstedfolkedans.dk\/wp-content\/uploads\/2026\/03\/Gelsted_Folkedanser_Jubilaeumsfest_40aar_28-02-2026003-1536x1024.jpg 1536w, https:\/\/gelstedfolkedans.dk\/wp-content\/uploads\/2026\/03\/Gelsted_Folkedanser_Jubilaeumsfest_40aar_28-02-2026003-1200x800.jpg 1200w, https:\/\/gelstedfolkedans.dk\/wp-content\/uploads\/2026\/03\/Gelsted_Folkedanser_Jubilaeumsfest_40aar_28-02-2026003-1980x1320.jpg 1980w, https:\/\/gelstedfolkedans.dk\/wp-content\/uploads\/2026\/03\/Gelsted_Folkedanser_Jubilaeumsfest_40aar_28-02-2026003.jpg 2048w\" sizes=\"auto, (max-width: 1024px) 100vw, 1024px\" \/><\/figure>\n\n\n\n<figure class=\"wp-block-image size-large\"><img loading=\"lazy\" decoding=\"async\" width=\"1024\" height=\"683\" data-id=\"734\" src=\"https:\/\/gelstedfolkedans.dk\/wp-content\/uploads\/2026\/03\/Gelsted_Folkedanser_Jubilaeumsfest_40aar_28-02-2026128-1024x683.jpg\" alt=\"\" class=\"wp-image-734\" srcset=\"https:\/\/gelstedfolkedans.dk\/wp-content\/uploads\/2026\/03\/Gelsted_Folkedanser_Jubilaeumsfest_40aar_28-02-2026128-1024x683.jpg 1024w, https:\/\/gelstedfolkedans.dk\/wp-content\/uploads\/2026\/03\/Gelsted_Folkedanser_Jubilaeumsfest_40aar_28-02-2026128-300x200.jpg 300w, https:\/\/gelstedfolkedans.dk\/wp-content\/uploads\/2026\/03\/Gelsted_Folkedanser_Jubilaeumsfest_40aar_28-02-2026128-768x512.jpg 768w, https:\/\/gelstedfolkedans.dk\/wp-content\/uploads\/2026\/03\/Gelsted_Folkedanser_Jubilaeumsfest_40aar_28-02-2026128-1536x1024.jpg 1536w, https:\/\/gelstedfolkedans.dk\/wp-content\/uploads\/2026\/03\/Gelsted_Folkedanser_Jubilaeumsfest_40aar_28-02-2026128-1200x800.jpg 1200w, https:\/\/gelstedfolkedans.dk\/wp-content\/uploads\/2026\/03\/Gelsted_Folkedanser_Jubilaeumsfest_40aar_28-02-2026128-1980x1320.jpg 1980w, https:\/\/gelstedfolkedans.dk\/wp-content\/uploads\/2026\/03\/Gelsted_Folkedanser_Jubilaeumsfest_40aar_28-02-2026128.jpg 2048w\" sizes=\"auto, (max-width: 1024px) 100vw, 1024px\" \/><\/figure>\n<\/figure>\n","protected":false},"excerpt":{"rendered":"<p>Gelsted Folkedansere. Endnu en s\u00e6son i Gelsted folkedansere er slut, og hvilken s\u00e6son. Der er kommet flere nye medlemmer til foreningen, s\u00e5 vi er nu ca. 50 dansere, og det er rigtig sjovt. Som ny danser arbejder man h\u00e5rdt p\u00e5 at l\u00e6re trinene, men der er god hj\u00e6lp at hente fra vores danseinstrukt\u00f8r ligesom foreningens [&hellip;]<\/p>\n","protected":false},"author":1,"featured_media":0,"parent":0,"menu_order":0,"comment_status":"closed","ping_status":"closed","template":"","meta":{"footnotes":""},"class_list":["post-712","page","type-page","status-publish","hentry"],"_links":{"self":[{"href":"https:\/\/gelstedfolkedans.dk\/index.php?rest_route=\/wp\/v2\/pages\/712","targetHints":{"allow":["GET"]}}],"collection":[{"href":"https:\/\/gelstedfolkedans.dk\/index.php?rest_route=\/wp\/v2\/pages"}],"about":[{"href":"https:\/\/gelstedfolkedans.dk\/index.php?rest_route=\/wp\/v2\/types\/page"}],"author":[{"embeddable":true,"href":"https:\/\/gelstedfolkedans.dk\/index.php?rest_route=\/wp\/v2\/users\/1"}],"replies":[{"embeddable":true,"href":"https:\/\/gelstedfolkedans.dk\/index.php?rest_route=%2Fwp%2Fv2%2Fcomments&post=712"}],"version-history":[{"count":9,"href":"https:\/\/gelstedfolkedans.dk\/index.php?rest_route=\/wp\/v2\/pages\/712\/revisions"}],"predecessor-version":[{"id":790,"href":"https:\/\/gelstedfolkedans.dk\/index.php?rest_route=\/wp\/v2\/pages\/712\/revisions\/790"}],"wp:attachment":[{"href":"https:\/\/gelstedfolkedans.dk\/index.php?rest_route=%2Fwp%2Fv2%2Fmedia&parent=712"}],"curies":[{"name":"wp","href":"https:\/\/api.w.org\/{rel}","templated":true}]}}