{"id":666,"date":"2025-03-20T18:19:52","date_gmt":"2025-03-20T17:19:52","guid":{"rendered":"https:\/\/gelstedfolkedans.dk\/?page_id=666"},"modified":"2026-03-16T21:35:54","modified_gmt":"2026-03-16T20:35:54","slug":"aarsprogram-2025-26","status":"publish","type":"page","link":"https:\/\/gelstedfolkedans.dk\/?page_id=666","title":{"rendered":"\u00c5rsprogram 2026\/27"},"content":{"rendered":"\n<p><strong>\u00d8vested:<\/strong> Gelsted Skole, onsdage kl. 19.15 &#8211; 21.45<br><em>Vi danser ikke i uge 42 og uge 7<\/em><\/p>\n\n\n\n<p><strong>Vigtige datoer<\/strong><\/p>\n\n\n\n<ul class=\"wp-block-list\">\n<li><strong>S\u00e6sonstart:<\/strong> 2. september 2026<\/li>\n\n\n\n<li><strong>H\u00f8stfest:<\/strong> 7. oktober 2026,<br>Gelsted Forsamlingshus kl. 18.00<\/li>\n\n\n\n<li><strong>Juleafslutning:<\/strong> 9. december 2026,<br>Gelsted Forsamlingshus kl. 18.00<\/li>\n\n\n\n<li><strong>Start efter jul:<\/strong> 6. januar 2027<\/li>\n\n\n\n<li><strong>Generalforsamling:<\/strong> 10. februar 2027<br><em>Spisning kl. 18.30-19.30, derefter generalforsamling og dans<\/em><\/li>\n\n\n\n<li><strong>S\u00e6sonafslutning:<\/strong> 24. marts 2027,<br>Gelsted Forsamlingshus kl. 18.00<\/li>\n<\/ul>\n\n\n\n<p><strong>Til alle arrangementer medbringes selv service, mad og drikkelse.<\/strong><\/p>\n\n\n\n<hr class=\"wp-block-separator has-alpha-channel-opacity\"\/>\n\n\n\n<div data-wp-interactive=\"core\/file\" class=\"wp-block-file\"><object data-wp-bind--hidden=\"!state.hasPdfPreview\" hidden class=\"wp-block-file__embed\" data=\"https:\/\/gelstedfolkedans.dk\/wp-content\/uploads\/2026\/03\/Aarsprogram_26_27.pdf\" type=\"application\/pdf\" style=\"width:100%;height:600px\" aria-label=\"Embed \u00c5rsprogram_26_27.\"><\/object><a id=\"wp-block-file--media-5a00dc57-8706-4e56-869b-8ff9844233a8\" href=\"https:\/\/gelstedfolkedans.dk\/wp-content\/uploads\/2026\/03\/Aarsprogram_26_27.pdf\">\u00c5rsprogram_26_27<\/a><a href=\"https:\/\/gelstedfolkedans.dk\/wp-content\/uploads\/2026\/03\/Aarsprogram_26_27.pdf\" class=\"wp-block-file__button wp-element-button\" download aria-describedby=\"wp-block-file--media-5a00dc57-8706-4e56-869b-8ff9844233a8\">Download<\/a><\/div>\n\n\n\n\n\n<p><strong>Bestyrelse<\/strong><\/p>\n\n\n\n<ul class=\"wp-block-list\">\n<li><strong>Formand:<\/strong> Ebbe Jensen \u2013 40 26 55 35<\/li>\n\n\n\n<li><strong>N\u00e6stformand:<\/strong> Dorte Rasmussen \u2013 61 10 07 88<\/li>\n\n\n\n<li><strong>Kasserer:<\/strong> Irene Jensen \u2013 22 61 83 72<\/li>\n\n\n\n<li><strong>Sekret\u00e6r:<\/strong> Anne Marie Nielsen \u2013 51 76 14 28<\/li>\n\n\n\n<li><strong>Bestyrelsesmedlem:<\/strong> Poul Larsen \u2013 21 80 73 96<\/li>\n<\/ul>\n\n\n\n<p><strong>Sommerarrangementer 2026<\/strong><\/p>\n\n\n\n<p><strong>Sommertr\u00e6f<\/strong><\/p>\n\n\n\n<p><em>Medbring: Madkurv, bord, stole og travesko<\/em><\/p>\n\n\n\n<ul class=\"wp-block-list\">\n<li><strong>20. maj 2026 kl. 18.30<\/strong><br>Per Bertelsen og Lis Engelbreth,<br>Sibiriensvej 91, 5300 Kerteminde<\/li>\n\n\n\n<li><strong>18. juni 2026 kl. 18.30<\/strong><br>Charlotte Stensgaard, <br>Akkerupvej 12, 5683 Haarby (evt. parkering ved Montana)<\/li>\n<\/ul>\n\n\n\n<p><strong>Sommerudflugt (heldags)<br>5. september 2026<\/strong><br><em>Samme koncept som sidste \u00e5r med bus og mulighed for at invitere g\u00e6ster med.<\/em> <em>Detaljeret program f\u00f8lger.<\/em><\/p>\n\n\n\n<hr class=\"wp-block-separator has-alpha-channel-opacity\"\/>\n\n\n\n<p><strong>Kontingent<\/strong><\/p>\n\n\n\n<ul class=\"wp-block-list\">\n<li><strong>Aktivt medlem:<\/strong> 450 kr. pr. halv\u00e5r<\/li>\n\n\n\n<li><strong>Passivt medlem:<\/strong> 50 kr. pr. halv\u00e5r<\/li>\n\n\n\n<li>Betales inden 7. oktober 2026 og 20. januar 2027<\/li>\n\n\n\n<li>Indbetales til Danske Bank: Reg.nr. 9570 &#8211; kontonr. 13397651 <br><strong><em>Husk at p\u00e5f\u00f8re navn ved overf\u00f8rsel.<\/em><\/strong><\/li>\n<\/ul>\n\n\n\n<hr class=\"wp-block-separator has-alpha-channel-opacity\"\/>\n\n\n\n<p><strong>Ledere og Musikere<\/strong><\/p>\n\n\n\n<ul class=\"wp-block-list\">\n<li><strong>Leder:<\/strong> Helen Andersen \u2013 61 99 86 80<\/li>\n\n\n\n<li><strong>Violin:<\/strong> Anita Hansen \u2013 22 73 16 63<\/li>\n\n\n\n<li><strong>Harmonika:<\/strong> Cay Sliwa \u2013 40 71 73 12<\/li>\n\n\n\n<li><strong>Violin:<\/strong> Karin S\u00f8rensen \u2013 30 26 26 18<\/li>\n<\/ul>\n","protected":false},"excerpt":{"rendered":"<p>\u00d8vested: Gelsted Skole, onsdage kl. 19.15 &#8211; 21.45Vi danser ikke i uge 42 og uge 7 Vigtige datoer Til alle arrangementer medbringes selv service, mad og drikkelse. Bestyrelse Sommerarrangementer 2026 Sommertr\u00e6f Medbring: Madkurv, bord, stole og travesko Sommerudflugt (heldags)5. september 2026Samme koncept som sidste \u00e5r med bus og mulighed for at invitere g\u00e6ster med. Detaljeret [&hellip;]<\/p>\n","protected":false},"author":1,"featured_media":0,"parent":0,"menu_order":0,"comment_status":"closed","ping_status":"closed","template":"","meta":{"footnotes":""},"class_list":["post-666","page","type-page","status-publish","hentry"],"_links":{"self":[{"href":"https:\/\/gelstedfolkedans.dk\/index.php?rest_route=\/wp\/v2\/pages\/666","targetHints":{"allow":["GET"]}}],"collection":[{"href":"https:\/\/gelstedfolkedans.dk\/index.php?rest_route=\/wp\/v2\/pages"}],"about":[{"href":"https:\/\/gelstedfolkedans.dk\/index.php?rest_route=\/wp\/v2\/types\/page"}],"author":[{"embeddable":true,"href":"https:\/\/gelstedfolkedans.dk\/index.php?rest_route=\/wp\/v2\/users\/1"}],"replies":[{"embeddable":true,"href":"https:\/\/gelstedfolkedans.dk\/index.php?rest_route=%2Fwp%2Fv2%2Fcomments&post=666"}],"version-history":[{"count":3,"href":"https:\/\/gelstedfolkedans.dk\/index.php?rest_route=\/wp\/v2\/pages\/666\/revisions"}],"predecessor-version":[{"id":788,"href":"https:\/\/gelstedfolkedans.dk\/index.php?rest_route=\/wp\/v2\/pages\/666\/revisions\/788"}],"wp:attachment":[{"href":"https:\/\/gelstedfolkedans.dk\/index.php?rest_route=%2Fwp%2Fv2%2Fmedia&parent=666"}],"curies":[{"name":"wp","href":"https:\/\/api.w.org\/{rel}","templated":true}]}}