{"id":640,"date":"2025-02-03T19:50:05","date_gmt":"2025-02-03T18:50:05","guid":{"rendered":"https:\/\/gelstedfolkedans.dk\/?page_id=640"},"modified":"2025-02-19T15:39:26","modified_gmt":"2025-02-19T14:39:26","slug":"generalforamlingen-2025","status":"publish","type":"page","link":"https:\/\/gelstedfolkedans.dk\/?page_id=640","title":{"rendered":"Generalforsamlingen 2025"},"content":{"rendered":"\n<p><strong>Referat af generalforsamling i Gelsted Folkedansere den 22. januar 2025 1\/2<\/strong><\/p>\n\n\n\n<ol class=\"wp-block-list\">\n<li>Valg af dirigent<br>John Henry Hansen blev foresl\u00e5et og valgt. Dirigenten takkede for valget.<br>Dirigenten erkl\u00e6rede generalforsamlingen lovligt indvarslet og i \u00f8vrigt beslutningsdygtig j\u00e6vnf\u00f8r vedt\u00e6gterne. Forsamlingen godkendte dagsordenen.<\/li>\n\n\n\n<li>Beretning om foreningens virksomhed v\/formand Ebbe Jensen<br>Formanden l\u00e6ste beretningen for forsamlingen. Beretningen f\u00f8lger p\u00e5 efterf\u00f8lgende sider.<\/li>\n\n\n\n<li>Freml\u00e6ggelse af revideret regnskab<br>Regnskabet for 2024 blev gennemg\u00e5et og godkendt af forsamlingen. ingen kommentarer.<\/li>\n\n\n\n<li>Freml\u00e6ggelse af budget for det kommende regnskabs\u00e5r samt forslag til kontingent for s\u00e6son 2025\/2026<br>Budgettet for 2025 blev gennemg\u00e5et og godkendt af forsamlingen. Kontingent for s\u00e6son 2025\/2026 forbliver u\u00e6ndret.<\/li>\n\n\n\n<li>Freml\u00e6ggelse og beslutning om indkomne forslag<br>Bestyrelsen fremlagde forslag til vedt\u00e6gts\u00e6ndringer, som tidligere skriftligt var blevet forelagt medlemmerne. Begrundelse og tanker i forbindelse med vedt\u00e6gts\u00e6ndringerne, blev forelagt af formanden.<br>Vedt\u00e6gts\u00e6ndringerne blev enstemmigt vedtaget, ingen yderligere indkomne forslag.<\/li>\n\n\n\n<li>Valg af 3 (2) bestyrelsesmedlemmer (2 \u00e5r) &#8211; p\u00e5 valg er:<br>Kasserer Irene Jensen (modtager genvalg) <br>Sekret\u00e6r Anne Marie Nielsen (modtager genvalg) <br>Revisor Bodil Eriksen (modtager genvalg)<br>Revisorsuppleant Per Andersen (modtager genvalg) Bestyrelsessuppleant Elsebeth Busse (modtager ikke genvalg)<\/li>\n<\/ol>\n\n\n\n<p>F\u00f8lgende personer blev valgt\/genvalgt:<br>Irene Jensen &#8211; bestyrelsesmedlem (genvalgt)<br>Anne Marie Nielsen &#8211; bestyrelsesmedlem (genvalgt) Revisor Bodil Eriksen (genvalgt)<br>Revisorsuppleant Per Andersen (genvalgt) Bestyrelsessuppleant Hanne Nielsen (nyvalgt)<\/p>\n\n\n\n<p>Bestyrelsen konstituerer sig snarest muligt.<\/p>\n\n\n\n<p>2\/2<\/p>\n\n\n\n<ol class=\"wp-block-list\" start=\"7\">\n<li>Evt. Herunder forslag til sommerudflugt<br>F\u00f8lgende forslag til \u00e5rets sommerudflugt blev n\u00e6vnt:<br>Lene Sand foreslog tur til Flensborg: Sev\u00e6rdigheder Kobberm\u00f8llen, Knivsbjerg bakke \u00f8vrige forslag kan gives til Poul Larsen.<\/li>\n<\/ol>\n\n\n\n<p>Helen forsl\u00e5r at starte kl. 18.30 ved arrangementer i forsamlingshuset, for at fa mere tid til sang og hygge. For stram tidsplan. Forsamlingen var meget enig heri.<\/p>\n\n\n\n<p>Poul Larsen forespurgte om sortimentet af \u00f8l og vand til 1. danseaften i hver m\u00e5ned, er tilfredsstillende. Der kom \u00f8nske om alkoholfri \u00f8l.<\/p>\n\n\n\n<p>Per M. Andersen foreslog, &#8220;Skuld gammelt venskab rejn forgo&#8221; som fast slutsang. Formandens kommentar var, at det er sv\u00e6rt at tilfredsstille alle, men muligt at tage den engang imellem.<br>Som udgangspunkt er det musikerne, der bestemmer hvilke og hvor mange sange vi skal synge. John Henry opfordrede medlemmerne til at bidrage med sange eller andet ved festarrangementerne.<\/p>\n\n\n\n<p>Der har v\u00e6ret fremsat \u00f8nske om at danse p\u00e5 tr\u00e6gulv. Dog sv\u00e6rt at finde egnet lokale hertil. Hvis fast dans i f.eks. Gelsted Forsamlingshus vil koste ca. 30.000 kr. \u00e5rligt, hvilket vil betyde stor stigning i kontingentet.<\/p>\n\n\n\n<p>Helen spurgte om medlemmerne var interesserede i at danse p\u00e5  plejehjem m.m.<br>Specifik foresp\u00f8rgsel fra Hanne Nielsen om at vise dansen pa Friplejehjemmet Lilleb\u00e6lt den 3. eller 17. marts. Kongsh\u00f8j Plejehjem i Nr. \u00c5by har ogs\u00e5 efterspurgt, men der er ikke nogen dato endnu.<br>Der blev taget godt imod forslaget og flere af medlemmerne meldte, at de gerne vil v\u00e6re med til at danse.<\/p>\n\n\n\n<p>Sluttelig takkede formanden John Henry for dirigentposten, samt takkede alle de fremm\u00f8dte for at tage godt imod nye dansere samt for at bidrage til foreningens succes. &#8220;Succes avler succes&#8221;<\/p>\n\n\n\n<p class=\"has-large-font-size\"><strong>Beretning ved generalforsamlingen i Gelsted Folkedansere 2025<\/strong><\/p>\n\n\n\n<p>Beretning ved generalforsamling i Gelsted Folkedansere 2025<br>I \u00e5ret der er g\u00e5et, har foreningen klaret sig rigtig fint, og der er faktisk sket ret meget.<br>24\/1: Generalforsamling. Det var med vedt\u00e6gts\u00e6ndringer for at tilpasse dem til 2024. Der var genvalg til alle, der var p\u00e5 valg og med en god debat.<br>8\/2: Bestyrelsen konstituerer sig.<br>29\/2: Der blev p\u00e5 generalforsamlingen nedsat et udvalg, der skal pr\u00a2ve at v\u00e6re med til promovere, booste v\u00e6re idebank. Det er best\u00e5ende af Helen, Lene, Dorte, Cay og undertegnede. Vi havde den aften vores f\u00f8rste og indtil nu eneste m\u00f8de. Der kom nogle gode input som bestyrelsen arbejder videre med.<br>27\/3: S\u00e6son afslutning. Bestyrelsen plus flere pyntede op og gjorde klar. Det var glade mennesker, der spiste, sang og dansede til et fire mandsorkester. Det var ogs\u00e5 denne aften Olga modtog en anerkendelse for sit arbejde i Genbrugs butikken. 43 personer var m\u00f8dt op. Jeg f\u00f8lte vi var mange.<br>10\/4: S\u00e6son afslutningsm\u00a2de med Helen, Anita og Cay. Det er de tre vi afl\u00f8nner og har en fast aftale med. En god m\u00e5de at slutte s\u00e6sonen af p\u00e5, lige at dr\u00f8fte, det afsluttede \u00e5r igennem &#8211; og det nye der kommer.<br>22\/5: Sommertr\u00e6f hos Lene og Niels. En dejlig aften med spisning, sang, dans og en g\u00e5tur op til vinmarken &#8211; og en flot udsigt. Vi var 35 personer denne aften. Virkeligt flot frem m\u00f8de. Tak for en dejlig aften.<br>7\/6, 8\/6 og 9\/6: Rock under broen. Fredag og l\u00f8rdag var der 14, der samlede affald, og om s\u00f8ndagen var der 4 der gjorde rent og ryddede op. Det var en v\u00e5d omgang for jer, der var derude, men I opn\u00e5ede et flot flot resultat. 23.450 kr tjente I til foreningens kasse. En k\u00e6mpe tak for indsatsen til jer, der var derude.<\/p>\n\n\n\n<p>15\/6: Jeg er i Genbrugsbutikken og modtage 12.537,50 kr. Foreningen havde k\u00a2bt en buket blomster og et gavekort til en mere &#8211; til Susanne og Erik, som Erik modtog pa begges vegne, da Susanne stadig var syg. Det var en r\u00a2rt og glad mand, der takkede for anerkendelsen af deres arbejde. I forbindelse med afleveringen af blomsterne, takkede jeg p\u00e5 foreningens vegne for, at vi \u00e5r efter \u00e5r kan komme og modtage penge. Genbrugsbutikken har gjort den forskel at vi har en forening, der ikke er lukket, men fuld af liv og glade mennesker, og byen stadigv\u00e6k har et kulturtilbud. S\u00e5 brug butikken &#8211; om det er noget I mangler eller har i overskud.<br>19\/6: Sommertr\u00e6f hos Grethe og Egon. Igen en hyggelig aften med alt det s\u00e6dvanlige, mad, drikke, sang og en g\u00e5tur i noget af det sk\u00a2nne natur Nr. \u00c5by har. Igen et flot fremm\u00a2de pa 25 personer. Tak for en sk\u00a2n aften.<br>4\/9: Et nyt danse \u00e5r begynder. Det var vildt, hele ni nye ansigter kom den aften. Fire af jer er heldigvis blevet, og flere er kommet til senere p\u00e5 \u00e5ret. Det virker som om, I alle er faldet godt til her hos os.<br>7\/9; Udflugt til Viborg og omegn. Alex vores buschauff0r k\u00a2rte os fra Ejby til Sk\u00e6rup rasteplads. Her havde foreningen s\u00f8rget for the, kaffe og rundstykke. Turen fortsatte til Hald Hovedgaard. Her guidede Grethe og Gunnar os rundt og fortalte om Hald Hovedg\u00e5rds historie og betydning over en lang \u00e5rr\u00e6kke. S\u00e5 blev det frokosttid, og vi n\u00f8d en sandwich bolle fra Ejby bageren med en gang og drikke til. Lene Sand havde dejligt hjemmebag med til kaffen. Tak for det. Vi siger tak til guiderne og k\u00a2rer til Viborg bymidte. Her fik vi en lille guidet tur rundt i centrum af gamle Viborg bymidte og i domkirken. Det var \u00f8llets dag i Viborg, og der var nogle, som n\u00e5ede og f\u00e5 smagt p\u00e5 det ogs\u00e5. N\u00e6ste destination var Gr\u00f8nh\u00f8j Kro, som er et noget specielt sted. Kromanden underholdt med Morten Korch sange under maden, og s\u00e5 var der alt det, som var ude i l\u00e6ngerne. Morten Korch var det store tema. Men der var ogs\u00e5 meget andet. Dagen g\u00e5r p\u00e5 h\u00e6ld og turen g\u00e5r hjemad med 47 godt brugte personer. En stor tak til udflugtsudvalget, som bestod af Lene, Helen, Kurt og Poul.<br>9\/10: H\u00f8stfest. Bestyrelsen med flere gjorde klar med to lange borde og pyntede op. Vi var sp\u00e6ndte, for vi havde jo inviteret g\u00e6ster, Fire foreninger. Der var lavet plads til 60, men det var ikke nok, 63 var vi, og det gik virkeligt godt. Det er nok ikke sidste gang, vi inviterer til fest.<br>11\/12: Jule afslutning. En super aften. Bordene var pyntet, liges\u00e5 var tr\u00e6et, som var sponsoreret af XL i Gelsted. Irene havde lavet 8 flotte dekorationer. Der var auktion over de omtalte ting, som gik virkelig godt. En fin aften med glade folk.<br>8\/1: Vi \u00f8nsker godt nyt\u00e5r med et glas Asti og en lille kage.<br>12\/1: S\u00f8nderhoning kursus. En eftermiddag i utaktens tegn. Dorte, Karin og Cay spillede de gamle melodier fra Fan\u00f8, og Helen l\u00e6rte igen fra sig pa fornemste vis. \u00d8velse g\u00f8r mester siger man, det blev vi m\u00e5ske ikke, men alle dem jeg har talt med synes, det var et rigtigt godt kursus &#8211; inclusive mig selv. I kaffepausen \u00f8ste Helen og Cay ud af deres store viden om kulturen, dansen og musikken fra Fan\u00f8. Vi havde sl\u00e5et kursuset op ved 4 &#8211; 5 foreninger, og der var 9 g\u00e6ster, s\u00e5 vi endte med at v\u00e6re 33 dansere.<br>Hvad har vi ellers lavet. Der har v\u00e6ret afholdt 6 bestyrelsesm\u00f8der. Vi har indk\u00f8bt lydanl\u00e6g, sa vi kan h\u00f8re Helen. Vi arbejder med, hvordan vi kan synligg\u00f8re os, deter et enormt bredt omr\u00e5de, men meget af dette vil forega p\u00e5 de sociale medier \u2013 alts\u00e5 digitalt. Der kommer nye lovkrav til, hvordan man skal drive en forening, fra 2026 skal regnskabet ligge digitalt. Vi ser fremad til jubil\u00e6ums\u00e5ret 2026. foreningen fylder 40 \u00e5r, det skal jo nok markeres &#8211; p\u00e5 en eller anden made. Vi har stor gavn af Middelfart kommune, de g\u00f8r meget for at hj\u00e6lpe foreninger liges\u00e5g\u00f8r DGI.<\/p>\n\n\n\n<p>Det er ingen selvf\u00f8lge, at have en dygtig leder og nogle gode musikere, men det har vi. Tusind tak til jer alle, for det gode samarbejde. Og til alle jer dansere, den opbakning der er til vores danseaftener og de andre ting vi laver, jeres m\u00e5de at f\u00e5 de mange nye dansere integreret p\u00e5, s\u00e5 de f\u00f8ler sig som en del af holdet, det fortjener I en stor tak for &#8211; og meget ros. Det blandt mange andre ting g\u00f8r, at foreningen st\u00e5r st\u00e6rkt og solidt. Som det sidste, vil jeg til resten af bestyrelsen sige mange tak for jeres engagement og tilgang til det, I er altid velforberedte til m\u00a2derne, og nar det kommer til fordeling af opgaver, er det altid med ordene, den tager jeg, eller det kan jeg g\u00f8re. Det vil jeg gerne sige jer tusind tak for.<br>Tak for ordet.<\/p>\n","protected":false},"excerpt":{"rendered":"<p>Referat af generalforsamling i Gelsted Folkedansere den 22. januar 2025 1\/2 F\u00f8lgende personer blev valgt\/genvalgt:Irene Jensen &#8211; bestyrelsesmedlem (genvalgt)Anne Marie Nielsen &#8211; bestyrelsesmedlem (genvalgt) Revisor Bodil Eriksen (genvalgt)Revisorsuppleant Per Andersen (genvalgt) Bestyrelsessuppleant Hanne Nielsen (nyvalgt) Bestyrelsen konstituerer sig snarest muligt. 2\/2 Helen forsl\u00e5r at starte kl. 18.30 ved arrangementer i forsamlingshuset, for at fa mere [&hellip;]<\/p>\n","protected":false},"author":1,"featured_media":0,"parent":0,"menu_order":0,"comment_status":"closed","ping_status":"closed","template":"","meta":{"footnotes":""},"class_list":["post-640","page","type-page","status-publish","hentry"],"_links":{"self":[{"href":"https:\/\/gelstedfolkedans.dk\/index.php?rest_route=\/wp\/v2\/pages\/640","targetHints":{"allow":["GET"]}}],"collection":[{"href":"https:\/\/gelstedfolkedans.dk\/index.php?rest_route=\/wp\/v2\/pages"}],"about":[{"href":"https:\/\/gelstedfolkedans.dk\/index.php?rest_route=\/wp\/v2\/types\/page"}],"author":[{"embeddable":true,"href":"https:\/\/gelstedfolkedans.dk\/index.php?rest_route=\/wp\/v2\/users\/1"}],"replies":[{"embeddable":true,"href":"https:\/\/gelstedfolkedans.dk\/index.php?rest_route=%2Fwp%2Fv2%2Fcomments&post=640"}],"version-history":[{"count":6,"href":"https:\/\/gelstedfolkedans.dk\/index.php?rest_route=\/wp\/v2\/pages\/640\/revisions"}],"predecessor-version":[{"id":649,"href":"https:\/\/gelstedfolkedans.dk\/index.php?rest_route=\/wp\/v2\/pages\/640\/revisions\/649"}],"wp:attachment":[{"href":"https:\/\/gelstedfolkedans.dk\/index.php?rest_route=%2Fwp%2Fv2%2Fmedia&parent=640"}],"curies":[{"name":"wp","href":"https:\/\/api.w.org\/{rel}","templated":true}]}}