{"id":625,"date":"2024-03-02T07:51:33","date_gmt":"2024-03-02T06:51:33","guid":{"rendered":"http:\/\/gelstedfolkedans.dk\/?page_id=625"},"modified":"2024-03-02T08:11:20","modified_gmt":"2024-03-02T07:11:20","slug":"generalforsamling-2024","status":"publish","type":"page","link":"https:\/\/gelstedfolkedans.dk\/?page_id=625","title":{"rendered":"Generalforsamlingen 2024"},"content":{"rendered":"\n<p>Referat af generalforsamling i Gelsted Folkedansere den 24, januar 2024 <\/p>\n\n\n\n<p>Valg af dirigent<br>John Henry Hansen blev foresl\u00e5et og valgt. Dirigenten takkede for valget.<br>Dirigenten erkl\u00e6rede generalforsamlingen lovligt indvarslet og i \u00f8vrigt beslutningsdygtig j\u00e6vnfor vedt\u00e6gter. Forsamlingen godkendte dagsordenen.<\/p>\n\n\n\n<ol class=\"wp-block-list\">\n<li>Beretning om foreningens virksomhed v\/formand Ebbe Jensen<br>Formanden l\u00e6ste beretningen for forsamlingen. Beretningen f\u00f8lger pa efterf\u00f8lgende side.<\/li>\n\n\n\n<li>Freml\u00e6ggelse af revideret regnskab<br>Regnskabet for 2023 blev gennemg\u00e5et og godkendt af forsamlingen. Ingen kommentarer.<\/li>\n\n\n\n<li>Freml\u00e6ggelse af budget for det kommende regnskabs\u00e5r samt forslag..til<br>kontingent for s\u00e6son 2024\/2025,<br>Budget for 2024 blev gennemg\u00e5et og godkendt af forsamlingen.<br>Kontingentforh\u00f8jelse pa 50 kr pr. halvar til ikrafttr\u00e6den pr. 1. september 2024 til ialt kr. 450 pr. halvar, blev enstemmigt vedtaget.<\/li>\n\n\n\n<li>Freml\u00e6ggelse og beslutning om indkomne forslag:<br>Bestyrelsen fremlagde forslag til vedt\u00e6gts\u00e6ndringer, som tidligere skriftligt var blevet forelagt medlemmerne. Begrundelse og tanker i forbindelse med vedtregtsrendringeme, blev forelagt af formanden.<br>Vedt\u00e6gts\u00e6ndringerne blev enstemmigt vedtaget.<\/li>\n\n\n\n<li>Valg af 3 (2) bestyrelsesmedlemmer (2 ar) &#8211; pa valg er:<br>Formand Ebbe Jensen (modtager genvalg) N\u00e6stformand Dorte Rasmussen (modtager genvalg) Medlem Poul Larsen (modtager genvalg)<br>Revisor Olga Petersen (modtager genvalg) Revisor suppleant Irene Frydenlund Bestyrelsessuppleant Jens Peter Olesen<\/li>\n<\/ol>\n\n\n\n<p>F\u00f8lgende personer blev valgt\/genvalgt:<br>Ebbe Jensen &#8211; bestyrelsesmedlem Dorte Rasmussen &#8211; bestyrelsesmedlem Poul Larsen &#8211; bestyrelsesmedlem Revisor Olga Petersen<br>Revisor suppleant Irene Frydenlund Bestyrelsessuppleant Jens Peter Olesen<\/p>\n\n\n\n<p>Bestyrelsen konstituerer sig snarest muligt.<\/p>\n\n\n\n<ol class=\"wp-block-list\" start=\"7\">\n<li>Evt, Herunder forslag til sommerudflugt<br>F0lgende forslag til arets sommerudflugt blev nrevnt: Viborg by samt evt. arrangemet med Viborg Folkedansere Rebild Bakker<br>Museum FLUGT i Oksb0l &#8211; Flygtningemuseum Skovtarnet pa Sjrelland<br>Genbes0g Femern Brunl.tlslejrene Mansted Kalkgruber<br>Marsk Tower ved Skrerbrek<\/li>\n<\/ol>\n\n\n\n<p>Fra bestyrelsen blev der spurgt, om der er stemning for heldagsudflugt i lighed med tidligere ar<br>samt om det er 0nsket, at der arrangeres aftensmad inden hjemkomsten. Der var fuld opbakning hertil. Leder roste bestyrelsen for dens arbejde og gode tanker. Foreslog at nedsrette en idegruppe, der kan komme med indspark til, hvordan vi kan hverve flere medlemmer.<br>I den forbindelse blev der fra forsamlingen foreslaet folgende:<\/p>\n\n\n\n<ul class=\"wp-block-list\">\n<li>Invitere andre danseforeninger eller gymnastikforeninger til en danseaften<\/li>\n\n\n\n<li>Kontakte lokalavisen\/medier for at de kan lave et indslag evt. ifm afslutningsfester, udflugter m.m.<\/li>\n\n\n\n<li>Der var enighed om, at kommunikation via de sociale medier (Facebook), er vejen frem.<\/li>\n<\/ul>\n\n\n\n<p>Man skal huske at dele og like, de opslag, der bliver lagt op. Der var 3 medlemmer, der meldte sig til idegruppen.<br>0vrige tilbagemeldinger fra forsamlingen:<\/p>\n\n\n\n<ul class=\"wp-block-list\">\n<li>Musikere udtrykte taknemmelighed for de tablets, de har modtaget af foreningen. Det har lettet arbejdet og givet overblik.<\/li>\n<\/ul>\n\n\n\n<p>Referent Anne Marie Nielsen<\/p>\n\n\n\n<p><strong>Beretning ved generalforsamling i Gelsted Folkedansere 2024<\/strong><\/p>\n\n\n\n<p>Gelsted folkedansere har &#8211; synes bestyrelsen &#8211; haft et godt ar som er foreg\u00e5et s\u00e5dan her.<br>25\/1 Generalforsamling: Bestyrelsen konstituerer sig samme aften.<br>8\/2 Skolen er lukket pa grund af skolefest, s\u00e5 vi er i<br>forsamlingshuset. Der blev afsluttet med lidt socialt samv\u00e6r.<br>15\/3 Vi var s\u00e5 utroligt heldige at vi fik 15000 kr fra Gelsted sparrekasses legat. De t\u00f8mte kassen og nedlagde legatet. Foreningen lagde 3000 kr til og musikerne lagde ca 1350 kr i egenbetaling. Det gjorde vi kunne overr\u00e6kke tablets med mere til vores leder og musikere.<br>29\/3 scesonafslutning: Vi havde vores sponsorer med som gcester. En fin fin aften.<br>15\/4 Vores sponsorer har igen vejret utrolige gavmilde og 15\/4 hentede Irene og jeg 16650 kr oppe i genbrugsbutikken. Deter Judith, Susanne, Erik og Olga der har tjent pengene til os. Tusind tak for det.<br>16\/4 En af grundl\u00e6ggerne af foreningen Ellen Christensen d0r. 22\/4 Ellen bis\u00e6ttes fra Gelsted kirke. Foreningen deltager.<br>24\/5 Sommertr\u00e6f hos Inga og Erik. En aften med rigtig god stemning og en fin g\u00e5tur op til Alsbo grusgrav. Vi var 25 deltagere meget flot fremm0de<br>21\/6 Sommertr\u00e6f hos Anne Marie. Igen en aften med hyggeligt samv\u00e6r og en fin fodtur rundt i Middelfart. lgen mange deltagere 30 stk.<br>Tak fordi vi matte bes0ge jer. I lavede nogle gode aftener.<\/p>\n\n\n\n<p>2\/9 Udflugt: I ar gik turen til det tyske. Vi bes0gte Danevirke og vikingebyen Hedeby. Begge steder havde vi guidede rundvisninger og det var virkeligt godt og interessant. Vi rastede pa vej derned med kaffe og rundstykker. Til frokost fik vi en l\u00e6kker sandwich fra Ejby bageren. Ved Hedeby drak vi eftermiddagskaffe med l\u00e6kre kager til bagt af Birgit og Erling. Tak for det. Aftensmaden blev serveret pa Bov kro, her fik vi nogle ret store wienerschnitzler. Ejby hallens parkeringsplads var start og slut sted for turen. Bussen var fuld af egne medlemmer og betalende g\u00e6ster.<br>6\/9 S\u00e6sonstart med flot fremm\u00f8de.<br>6\/10 Bes0g hos Vissenbjerg seniorklub. De havde et 0nske om at se noget dans, h0re om og se nogle dragter og fa noget fort\u00e6lling om musikken. Helen og Cay havde lavet et fint program til dagen. 16 personer var deroppe og de seks var i dragter.<br>11\/10 H\u00f8stfest. Bestyrelsen med flere havde pyntet op og lavet klar. En fin aften med g\u00e6ster og glade mennesker.<br>25\/10 G\u00e6steinstrukt\u00f8r Rune, gav os et kursus hvor temaet var vals og bev\u00e6gelse i en hulahopring.<br>29\/10 S\u00f8nderhoningkursus. Helen og vores 3 musikere lavede en fin eftermiddag med dans og sang. Vi 0vede s0nderhoning, fannik og rask. Det endte faktisk med, at vi blev helt gode til det.<br>6\/12 Juleafslutning en aften med sang, spisning, aktion og dans. En dejlig aften med en glad auktionarius.<br>3\/1 Start efter nyt\u00e5r med en lille kage og et godt glas Asti.<\/p>\n\n\n\n<p>Det er ingen selvf0lge man har gode musikere og en dygtig leder men det har vi i Gelsted folkedansere. Tak til jer tre musikere og tak til dig Helen for den m\u00e5de du underviser og leder os pa. Bestyrelsen er rigtig godt tilfredse med det i alle leverer, og det er ogs\u00e5 vores indtryk at alle danserne er det.<\/p>\n\n\n\n<p>Bestyrelsen har holdt 7 m\u00f8der i l\u00f8bet af \u00e5ret. Noget af det som<br>v\u00e6gter rigtig meget i bestyrelsen er det sociale, derfor er det bare s\u00e5 dejligt med den store opbagning til det vi laver. Tak til i andre i bestyrelsen. I g\u00f8r det bare godt.<br>Til alle jer medlemmer i skal have tusind tak for jeres hj\u00e6lpsomhed og fordi i altid m\u00f8der s\u00e5 trofast op. I g\u00f8r at vi har en st\u00e6rk forening.<br>Formand \/ Ebbe Jensen<\/p>\n","protected":false},"excerpt":{"rendered":"<p>Referat af generalforsamling i Gelsted Folkedansere den 24, januar 2024 Valg af dirigentJohn Henry Hansen blev foresl\u00e5et og valgt. Dirigenten takkede for valget.Dirigenten erkl\u00e6rede generalforsamlingen lovligt indvarslet og i \u00f8vrigt beslutningsdygtig j\u00e6vnfor vedt\u00e6gter. Forsamlingen godkendte dagsordenen. F\u00f8lgende personer blev valgt\/genvalgt:Ebbe Jensen &#8211; bestyrelsesmedlem Dorte Rasmussen &#8211; bestyrelsesmedlem Poul Larsen &#8211; bestyrelsesmedlem Revisor Olga PetersenRevisor suppleant [&hellip;]<\/p>\n","protected":false},"author":1,"featured_media":0,"parent":0,"menu_order":0,"comment_status":"closed","ping_status":"closed","template":"","meta":{"footnotes":""},"class_list":["post-625","page","type-page","status-publish","hentry"],"_links":{"self":[{"href":"https:\/\/gelstedfolkedans.dk\/index.php?rest_route=\/wp\/v2\/pages\/625","targetHints":{"allow":["GET"]}}],"collection":[{"href":"https:\/\/gelstedfolkedans.dk\/index.php?rest_route=\/wp\/v2\/pages"}],"about":[{"href":"https:\/\/gelstedfolkedans.dk\/index.php?rest_route=\/wp\/v2\/types\/page"}],"author":[{"embeddable":true,"href":"https:\/\/gelstedfolkedans.dk\/index.php?rest_route=\/wp\/v2\/users\/1"}],"replies":[{"embeddable":true,"href":"https:\/\/gelstedfolkedans.dk\/index.php?rest_route=%2Fwp%2Fv2%2Fcomments&post=625"}],"version-history":[{"count":4,"href":"https:\/\/gelstedfolkedans.dk\/index.php?rest_route=\/wp\/v2\/pages\/625\/revisions"}],"predecessor-version":[{"id":630,"href":"https:\/\/gelstedfolkedans.dk\/index.php?rest_route=\/wp\/v2\/pages\/625\/revisions\/630"}],"wp:attachment":[{"href":"https:\/\/gelstedfolkedans.dk\/index.php?rest_route=%2Fwp%2Fv2%2Fmedia&parent=625"}],"curies":[{"name":"wp","href":"https:\/\/api.w.org\/{rel}","templated":true}]}}