{"id":585,"date":"2023-03-21T18:00:37","date_gmt":"2023-03-21T17:00:37","guid":{"rendered":"http:\/\/gelstedfolkedans.dk\/?page_id=585"},"modified":"2023-03-21T18:15:54","modified_gmt":"2023-03-21T17:15:54","slug":"generalforsamling-2023","status":"publish","type":"page","link":"https:\/\/gelstedfolkedans.dk\/?page_id=585","title":{"rendered":"Generalforsamlingen 2023"},"content":{"rendered":"\n<p>Referat af generalforsamling i Gelsted Folkedansere den 25. januar 2023<\/p>\n\n\n\n<p> <br>1. <br>Valg af dirigent John Henry Hansen blev foresl\u00e5et og valgt. Dirigenten takkede for valget. Dirigenten erkl\u00e6rede generalforsamlingen lovligt indvarslet og i \u00f8vrigt beslutningsdygtig j\u00e6vnf\u00f8r vedt\u00e6gterne. Forsamlingen godkendte dagsordenen. <\/p>\n\n\n\n<p>2. <br>Beretning om foreningens virksomhed v\/formand Ebbe Jensen Formanden l\u00e6ste beretningen for forsamlingen. Beretningen f\u00f8lger p\u00e5 efterf\u00f8lgende side. <\/p>\n\n\n\n<p>3. <br>Freml\u00e6ggelse af revideret regnskab Regnskabet for 2022 blev gennemg\u00e5et og godkendt af forsamlingen. Ingen kommentarer. <\/p>\n\n\n\n<p>4. <br>Freml\u00e6ggelse af budget for det kommende regnskabs\u00e5r samt forslag til kontingent for s\u00e6son 2023\/2024. Budgetttet for 2023 blev gennemg\u00e5et og godkendt af forsamlingen.&nbsp; Kontingentet p\u00e5 kr. 400,00 pr. s\u00e6son forts\u00e6tter u\u00e6ndret. <\/p>\n\n\n\n<p>5. <br>Freml\u00e6ggelse og beslutning om indkomne forslag Ingen indkomne forslag er modtaget.&nbsp; <\/p>\n\n\n\n<p>6. <br>Valg af:&nbsp; Valg af 3 (2) bestyrelsesmedlemmer (2 \u00e5r) &#8211; p\u00e5 valg er: Kasserer Irene Jensen (modtager genvalg) Sekret\u00e6r Anne Marie Nielsen (modtager genvalg) Bestyrelsessuppleant Elsebeth Busse (modtager genvalg) Revisor Bodil Eriksen (modtager genvalg) Revisorsuppleant Birgit Larsen (modtager ikke genvalg) Revisorsuppleant Carsten Jensen (ikke l\u00e6ngere medlem) F\u00f8lgende personer blev valgt\/genvalgt: Irene Jensen &#8211; bestyrelsesmedlem Anne Marie Nielsen &#8211; bestyrelsesmedlem Elsebeth Busse &#8211; bestyrelsessuppleant Bodil Eriksen &#8211; revisor Nyvalgte: Per Andersen &#8211; Revisorsuppleant for 2 \u00e5r Irene Frydenlund &#8211; Revisorsuppleant for 1 \u00e5r Bestyrelsen konstituerer sig snarest muligt. <\/p>\n\n\n\n<p>7. <br>Evt.&nbsp; Herunder forslag til sommerudflugt F\u00f8lgende forslag til \u00e5rets sommerudflugt blev n\u00e6vnt:&nbsp; Museum Tirpizt i Bl\u00e5vand.&nbsp; Spillemandsmuseet\/Museum Rebild Museum FLUGT i Oksb\u00f8l &#8211; Flygtningemuseum R\u00f8verstuen i Sk\u00f8rping &#8211; spisested.&nbsp; Der var tilslutning til igen at bestille bus til sommerudflugten.&nbsp; Bestyrelsen vil gerne bidrage med at arrangere sommerudflugten, og man er altid velkommen med udflugtsforslag.&nbsp; Leder forespurgte forsamlingen, om der var tilfredshed med danseaftenens sammens\u00e6tning af nye og kendte danse. Positive tilbagemeldinger fra forsamlingen. Stor tilfredshed med hendes m\u00e5de at lede dansen p\u00e5. God balance i nye og gamle danse. Forslag&nbsp; til evt. at booke en danseinstrukt\u00f8r i vals eller andet. Skal foreg\u00e5 i t\u00e6t samarbejde med lederen.&nbsp; &nbsp; &nbsp; &nbsp; <\/p>\n\n\n\n<p>Dirigent John Henry Hansen   <br>Referent Anne Marie Nielsen<\/p>\n\n\n\n<h2 class=\"wp-block-heading\"><strong>\u00c5rsberetning 2022 i Gelsted Folkedansere<\/strong><\/h2>\n\n\n\n<p>&nbsp;7-3 Den nye bestyrelse konstituerer sig<\/p>\n\n\n\n<p>16-3 Reimer bis\u00e6ttes hvor foreningen deltager<\/p>\n\n\n\n<p>Igen i \u00e5r har vi haft mulighed for at s\u00f8ge penge ved genbrugsbutikken. 9-4 henter Irene og jeg 15575 kr. Det er utroligt flot. Det er Judith, Susanne og Erik der har sponsoreret.<\/p>\n\n\n\n<p>27-4 havde vi vores forsinkede s\u00e6sonafslutning hvor vi havde vores sponsorer med som g\u00e6ster. Det var ogs\u00e5 p\u00e5 denne aften vi udn\u00e6vnte Jonna og Bernhard til \u00e6resmedlemmer. En rigtig god aften.<\/p>\n\n\n\n<p>18-5 Sommertr\u00e6f hos Connie og John.<\/p>\n\n\n\n<p>15-6 Sommertr\u00e6f p\u00e5 Tvillingeg\u00e5rden.&nbsp; Birgit og Erling stod for denne aften.<\/p>\n\n\n\n<p>Til begge sommertr\u00e6f er der et meget fint fremm\u00f8de med 23 hver gang. Der blev spist, sunget og g\u00e5et tur. Tak fordi i lagde hus til og lavede nogle gode aftener.<\/p>\n\n\n\n<p>2-9 Judith bliver bisat. Foreningen deltager.<\/p>\n\n\n\n<p>3-9 Sommerudflugt til Femern Sund og B\u00e6lt.&nbsp; En tur Bernhard lagde grundstenene til og som Poul overtog. Vi blev budt velkommen af Bernhards bror Egon og guiden Christian L\u00f8ge. Vi s\u00e5 udstillingen og h\u00f8rte foredrag om projektet. Bagefter var vi ude ved en udkigspost s\u00e5 vi kunne fornemme st\u00f8rrelsen p\u00e5 projektet. Herefter gik turen til R\u00f8dby hvor vi spiste middag. Efter middagen k\u00f8rte vi ud til Skansen hvor vi fik et levende foredrag om et s\u00f8slag i Femern b\u00e6lt 1644. Turen gik tilbage til Femern Sund og B\u00e6lt Hvor vi sagde p\u00e6nt tak for i dag. Foreningen havde s\u00f8rget for godt vejr, kaffe og rundstykke p\u00e5 vej ud og kaffe p\u00e5 vej hjem hvortil Eli og Morten havde bagt dejlig kage til. Tak for det. Hele dagen bliver afsluttet med aftensang p\u00e5 g\u00e5rdspladsen hos Elsebeth og Carl Emil hvor vi havde samlingspunkt for turen. Vi var 47 deltagere. En dejlig dag med g\u00e6ster.<\/p>\n\n\n\n<p>7-9 Vi starter ny s\u00e6son<\/p>\n\n\n\n<p>18-9 H\u00f8stgudstjeneste i Gelsted pr\u00e6steg\u00e5rd. Vi var 24 dansere der viste dansegl\u00e6de. Et fint arengement med en lille andagt, kaffe og kage og ikke mindst en p\u00f8lsevogn.<\/p>\n\n\n\n<p>12-10 H\u00f8stfest. Vi pyntede op og d\u00e6kkede bord. Som noget nyt startede vi med at spise. Noget som vi har f\u00e5et god kritik for. En aften med h\u00f8jt hum\u00f8r og god stemning.<\/p>\n\n\n\n<p>7-12 Juleafslutning. En aften med dans om tr\u00e6et, spisning, aktion og dans. Igen en dejlig aften med glade mennesker.<\/p>\n\n\n\n<p>4-1 Start efter nyt\u00e5r med bobler og en lille kage.<\/p>\n\n\n\n<p>Foreningen er ogs\u00e5 blevet repr\u00e6senteret af jer der er ude til legestuer rundt omkring. Vi var ogs\u00e5 en &nbsp;9-10 par der var ovre og hj\u00e6lpe Dorte og Poul Henning med at vise noget s\u00f8nderhoning, fannik og menuet. Personen der skulle se det dukkede bare ikke op<\/p>\n\n\n\n<p>Jeg vil ogs\u00e5 her bruge lejligheden til at sige jer gode musikere og vores dygtige leder tak for det gode samarbejde. I g\u00f8r det bare s\u00e5 godt.<\/p>\n\n\n\n<p>Vi har et lille udvalg som arbejder med facebook siderne.<\/p>\n\n\n\n<p>Bestyrelsen har holdt 8 m\u00f8der i l\u00f8bet af \u00e5ret. Et af m\u00f8derne havde vi bes\u00f8g af en konsulent fra DGI som blandt andet bekr\u00e6ftede os i at vi g\u00f8r det rigtige i forhold til at skaffe nye medlemmer. Han var i \u00f8vrigt meget begejstret for vores hjemmeside. &nbsp;Til i andre bestyrelsesmedlemmer vil jeg sige tusind tak for jeres engagement og tilgang til det. Det har v\u00e6ret en forn\u00f8jelse.<\/p>\n\n\n\n<p>Til slut vil jeg sige alle jer medlemmer tak for jeres hj\u00e6lpsomhed og &nbsp;fordi i m\u00f8der s\u00e5 trofast op. I er fundamentet i foreningen.<\/p>\n","protected":false},"excerpt":{"rendered":"<p>Referat af generalforsamling i Gelsted Folkedansere den 25. januar 2023 1. Valg af dirigent John Henry Hansen blev foresl\u00e5et og valgt. Dirigenten takkede for valget. Dirigenten erkl\u00e6rede generalforsamlingen lovligt indvarslet og i \u00f8vrigt beslutningsdygtig j\u00e6vnf\u00f8r vedt\u00e6gterne. Forsamlingen godkendte dagsordenen. 2. Beretning om foreningens virksomhed v\/formand Ebbe Jensen Formanden l\u00e6ste beretningen for forsamlingen. Beretningen f\u00f8lger p\u00e5 [&hellip;]<\/p>\n","protected":false},"author":1,"featured_media":0,"parent":0,"menu_order":0,"comment_status":"closed","ping_status":"closed","template":"","meta":{"footnotes":""},"class_list":["post-585","page","type-page","status-publish","hentry"],"_links":{"self":[{"href":"https:\/\/gelstedfolkedans.dk\/index.php?rest_route=\/wp\/v2\/pages\/585","targetHints":{"allow":["GET"]}}],"collection":[{"href":"https:\/\/gelstedfolkedans.dk\/index.php?rest_route=\/wp\/v2\/pages"}],"about":[{"href":"https:\/\/gelstedfolkedans.dk\/index.php?rest_route=\/wp\/v2\/types\/page"}],"author":[{"embeddable":true,"href":"https:\/\/gelstedfolkedans.dk\/index.php?rest_route=\/wp\/v2\/users\/1"}],"replies":[{"embeddable":true,"href":"https:\/\/gelstedfolkedans.dk\/index.php?rest_route=%2Fwp%2Fv2%2Fcomments&post=585"}],"version-history":[{"count":5,"href":"https:\/\/gelstedfolkedans.dk\/index.php?rest_route=\/wp\/v2\/pages\/585\/revisions"}],"predecessor-version":[{"id":592,"href":"https:\/\/gelstedfolkedans.dk\/index.php?rest_route=\/wp\/v2\/pages\/585\/revisions\/592"}],"wp:attachment":[{"href":"https:\/\/gelstedfolkedans.dk\/index.php?rest_route=%2Fwp%2Fv2%2Fmedia&parent=585"}],"curies":[{"name":"wp","href":"https:\/\/api.w.org\/{rel}","templated":true}]}}